{"id":2716,"date":"2024-04-29T13:20:13","date_gmt":"2024-04-29T10:20:13","guid":{"rendered":"https:\/\/evn.ee\/?page_id=2716"},"modified":"2024-05-02T19:12:28","modified_gmt":"2024-05-02T16:12:28","slug":"my-account","status":"publish","type":"page","link":"https:\/\/evn.ee\/en\/my-account\/","title":{"rendered":"My account"},"content":{"rendered":"<div class=\"wpb-content-wrapper\"><p>[vc_row css=&#8221;.vc_custom_1713721007177{margin-top: 60px !important;}&#8221;][vc_column width=&#8221;1\/6&#8243;][vc_empty_space height=&#8221;80px&#8221;][\/vc_column][vc_column width=&#8221;2\/3&#8243;]<div class=\"wpb_content_element  vc_custom_1713529415111\"><style type=\"text\/css\">#ut_header_69dac95809fa6 h1.page-title { font-size:46px !important;line-height:56px !important;letter-spacing:-0.03em; }@media (min-width: 1025px) and (max-width: 1679px) {#ut_header_69dac95809fa6 h1.page-title { letter-spacing:-0.03em; }}@media (min-width: 768px) and (max-width: 1024px) {#ut_header_69dac95809fa6 h1.page-title { letter-spacing:-0.03em; }}@media (max-width: 767px) {#ut_header_69dac95809fa6 h1.page-title { letter-spacing:-0.03em; }}<\/style><header id=\"ut_header_69dac95809fa6\" class=\"page-header page-title-module  ut-no-title-linebreak-mobile ut-no-lead-linebreak-mobile pt-style-7 header-center header-tablet-center header-mobile-center\"><h1 data-title=\"My account\"  data-responsive-font=\"page_title\" data-responsive-font-settings=\"{&quot;base-font-size&quot;:&quot;46&quot;,&quot;font-size-unit&quot;:&quot;px&quot;,&quot;font-size&quot;:{&quot;desktop_large&quot;:&quot;46&quot;},&quot;base-line-height&quot;:&quot;56&quot;,&quot;line-height-unit&quot;:&quot;px&quot;,&quot;line-height&quot;:{&quot;desktop_large&quot;:&quot;56&quot;},&quot;base-letter-spacing&quot;:&quot;-0.03&quot;,&quot;letter-spacing&quot;:{&quot;desktop_large&quot;:&quot;-0.03&quot;}}\" class=\"page-title  \"><span>My account<\/span><\/h1><\/header><\/div>[vc_column_text]<\/p>\n<div id=\"user-registration\" class=\"user-registration\">\n<div class=\"ur-frontend-form login  \" id=\"ur-frontend-form\">\n\t\t<form class=\"user-registration-form user-registration-form-login login\" method=\"post\">\n\t\t<div class=\"ur-form-row\">\n\t\t\t<div class=\"ur-form-grid\">\n\t\t\t\t\t\t\t\t\t\t\t\t<div\n\t\t\t\t\tclass=\" user-registration-form-row user-registration-form-row--wide form-row form-row-wide\"\n\t\t\t\t\tdata-field=\"username\">\n\t\t\t\t\t<label for=\"username\">Kasutajatunnus v\u00f5i meiliaadress <span class=\"required\">*<\/span><\/label>\t\t\t\t\t<span class=\"input-wrapper\">\n\t\t\t\t\t\t<input placeholder=\"\" type=\"text\"\n\t\t\t\t\t\t\t\tclass=\"user-registration-Input user-registration-Input--text input-text\" name=\"username\"\n\t\t\t\t\t\t\t\tid=\"username\"\n\t\t\t\t\t\t\t   value=\"\"\n\t\t\t\t\t\t\t\tstyle=\"\"\n\t\t\t\t\t\t\t\t\t\t\t\t\t\t\/>\n\t\t\t\t\t\t\t\t\t\t\t\t<\/span>\n\t\t\t\t<\/div>\n\t\t\t\t\t\t\t\t\t<div\n\t\t\t\t\t\tclass=\" user-registration-form-row user-registration-form-row--wide form-row form-row-wide hide_show_password\"\n\t\t\t\t\t\tdata-field=\"password\">\n\t\t\t\t\t\t<label for=\"password\">Salas\u00f5na <span class=\"required\">*<\/span><\/label>\t\t\t\t\t\t<span class=\"input-wrapper\">\n\t\t\t\t\t\t<span class=\"password-input-group\">\n\t\t\t\t\t\t<input\n\t\t\t\t\t\t\tplaceholder=\"\"\n\t\t\t\t\t\t\tclass=\"user-registration-Input user-registration-Input--text input-text\" type=\"password\"\n\t\t\t\t\t\t\tname=\"password\" id=\"password\"\n\t\t\t\t\t\t\tstyle=\"\"\n\t\t\t\t\t\t\t\t\t\t\t\t\t\/>\n\n\t\t\t\t\t\t\t\t\t\t\t\t<a href=\"javaScript:void(0)\" class=\"password_preview dashicons dashicons-hidden\"\n\t\t\t\t\t\t\ttitle=\"Show password\"><\/a>\n\t\t\t\t\t\t<\/span>\n\t\t\t\t\t\t\t\t\t\t\t\t\t\t\t\t\t\t\t\t<\/span>\n\t\t\t\t\t<\/div>\n\t\t\t\t\t\t\t\t\n\t\t\t\t\t\t\t\t<div class=\"form-row\">\n\t\t\t\t\t<input type=\"hidden\" id=\"user-registration-login-nonce\" name=\"user-registration-login-nonce\" value=\"8762a0848e\" \/><input type=\"hidden\" name=\"_wp_http_referer\" value=\"\/en\/wp-json\/wp\/v2\/pages\/2716\" \/>\t\t\t\t\t\t<div class=\"user-registration-before-login-btn\">\n\t\t\t\t\t\t\t\t\t\t\t\t\t\t\t<div class=\"\" data-field=\"remember-me\">\n\t\t\t\t\t\t\t\t\t<label\n\t\t\t\t\t\t\t\t\t\tclass=\"user-registration-form__label user-registration-form__label-for-checkbox inline\">\n\t\t\t\t\t\t\t\t\t\t<input\n\t\t\t\t\t\t\t\t\t\t\tclass=\"user-registration-form__input user-registration-form__input-checkbox\"\n\t\t\t\t\t\t\t\t\t\t\tname=\"rememberme\" type=\"checkbox\" id=\"rememberme\" value=\"forever\"\n\t\t\t\t\t\t\t\t\t\t\t\t\t\t\t\t\t\t\t\t\t\/>\n\t\t\t\t\t\t\t\t\t\t<span>Pea mind meeles<\/span>\n\t\t\t\t\t\t\t\t\t<\/label>\n\t\t\t\t\t\t\t\t<\/div>\n\t\t\t\t\t\t\t\t\t\t\t\t\t\t\t\t\t\t\t\t\t\t\t<div data-field=\"lost-password\"\n\t\t\t\t\t\t\t\t\tclass=\"user-registration-LostPassword lost_password \">\n\t\t\t\t\t\t\t\t\t<label\n\t\t\t\t\t\t\t\t\t\tclass=\"user-registration-form__label user-registration-form__label-for-checkbox inline\">\n\t\t\t\t\t\t\t\t\t\t<a href=\"https:\/\/evn.ee\/lost-password\/\">Kaotasid salas\u00f5na?<\/a>\n\t\t\t\t\t\t\t\t\t<\/label>\n\t\t\t\t\t\t\t\t<\/div>\n\t\t\t\t\t\t\t\t\t\t\t\t\t\t<\/div>\n\t\t\t\t\t\t\t\t\t\t<\/div>\n\t\t\t\t<div data-field=\"login-button\" class=\"\">\n\t\t\t\t\t\t\t\t\t\t\t\t\t\t\t\t<button type=\"submit\"\n\t\t\t\t\t\t\t\tclass=\"user-registration-Button button ur-submit-button \"\n\t\t\t\t\t\t\t\tid=\"user_registration_ajax_login_submit\" name=\"login\"\n\t\t\t\t\t\t\t\tvalue=\"LOGI SISSE\">LOGI SISSE\t\t\t\t\t\t\t<span><\/span><\/button>\n\t\t\t\t\t\t\t\t\t<\/div>\n\t\t\t\t<input type=\"hidden\" name=\"redirect\"\n\t\t\t\t\t\tvalue=\"\"\/>\n\n\t\t\t\t<div class=\"user-registration-register register \" data-field=\"registration-setting\">\t\t\t\t\t\t\t<a href=\"https:\/\/evn.ee\/liitu\/\"> Ei ole veel liige? Liitu siin.\t\t\t\t\t\t<\/a>\n\t\t\t\t\t\t<\/div>\t\t\t\t\t\t\t<\/div>\n\t\t<\/div>\n\t<\/form>\n<\/div>\n\n<\/div>\n<p>[\/vc_column_text][vc_separator][\/vc_column][vc_column width=&#8221;1\/6&#8243;][\/vc_column][\/vc_row]<\/p>\n<\/div>","protected":false},"excerpt":{"rendered":"<p>[vc_row css=&#8221;.vc_custom_1713721007177{margin-top: 60px !important;}&#8221;][vc_column width=&#8221;1\/6&#8243;][vc_empty_space height=&#8221;80px&#8221;][\/vc_column][vc_column width=&#8221;2\/3&#8243;][vc_column_text] [\/vc_column_text][vc_separator][\/vc_column][vc_column width=&#8221;1\/6&#8243;][\/vc_column][\/vc_row]<\/p>\n","protected":false},"author":1,"featured_media":0,"parent":0,"menu_order":0,"comment_status":"closed","ping_status":"closed","template":"","meta":{"footnotes":"","_links_to":"","_links_to_target":""},"class_list":["post-2716","page","type-page","status-publish","hentry"],"yoast_head":"<!-- This site is optimized with the Yoast SEO plugin v26.8 - https:\/\/yoast.com\/product\/yoast-seo-wordpress\/ -->\n<title>My account - Eesti V\u00e4lissuhete N\u00f5ukoda<\/title>\n<meta name=\"robots\" content=\"index, follow, max-snippet:-1, max-image-preview:large, max-video-preview:-1\" \/>\n<link rel=\"canonical\" href=\"https:\/\/evn.ee\/en\/my-account\/\" \/>\n<meta property=\"og:locale\" content=\"en_US\" \/>\n<meta property=\"og:type\" content=\"article\" \/>\n<meta property=\"og:title\" content=\"My account - Eesti V\u00e4lissuhete N\u00f5ukoda\" \/>\n<meta property=\"og:description\" content=\"[vc_row css=&#8221;.vc_custom_1713721007177{margin-top: 60px !important;}&#8221;][vc_column width=&#8221;1\/6&#8243;][vc_empty_space height=&#8221;80px&#8221;][\/vc_column][vc_column width=&#8221;2\/3&#8243;][vc_column_text] [\/vc_column_text][vc_separator][\/vc_column][vc_column width=&#8221;1\/6&#8243;][\/vc_column][\/vc_row]\" \/>\n<meta property=\"og:url\" content=\"https:\/\/evn.ee\/en\/my-account\/\" \/>\n<meta property=\"og:site_name\" content=\"Eesti V\u00e4lissuhete N\u00f5ukoda\" \/>\n<meta property=\"article:publisher\" content=\"https:\/\/www.facebook.com\/profile.php?id=100064679112143\" \/>\n<meta property=\"article:modified_time\" content=\"2024-05-02T16:12:28+00:00\" \/>\n<meta name=\"twitter:card\" content=\"summary_large_image\" \/>\n<meta name=\"twitter:site\" content=\"@eestivalisnk\" \/>\n<meta name=\"twitter:label1\" content=\"Est. reading time\" \/>\n\t<meta name=\"twitter:data1\" content=\"1 minute\" \/>\n<script type=\"application\/ld+json\" class=\"yoast-schema-graph\">{\"@context\":\"https:\/\/schema.org\",\"@graph\":[{\"@type\":\"WebPage\",\"@id\":\"https:\/\/evn.ee\/en\/my-account\/\",\"url\":\"https:\/\/evn.ee\/en\/my-account\/\",\"name\":\"My account - Eesti V\u00e4lissuhete N\u00f5ukoda\",\"isPartOf\":{\"@id\":\"https:\/\/evn.ee\/#website\"},\"datePublished\":\"2024-04-29T10:20:13+00:00\",\"dateModified\":\"2024-05-02T16:12:28+00:00\",\"breadcrumb\":{\"@id\":\"https:\/\/evn.ee\/en\/my-account\/#breadcrumb\"},\"inLanguage\":\"en-US\",\"potentialAction\":[{\"@type\":\"ReadAction\",\"target\":[\"https:\/\/evn.ee\/en\/my-account\/\"]}]},{\"@type\":\"BreadcrumbList\",\"@id\":\"https:\/\/evn.ee\/en\/my-account\/#breadcrumb\",\"itemListElement\":[{\"@type\":\"ListItem\",\"position\":1,\"name\":\"Home\",\"item\":\"https:\/\/evn.ee\/en\/\"},{\"@type\":\"ListItem\",\"position\":2,\"name\":\"My account\"}]},{\"@type\":\"WebSite\",\"@id\":\"https:\/\/evn.ee\/#website\",\"url\":\"https:\/\/evn.ee\/\",\"name\":\"Eesti V\u00e4lissuhete N\u00f5ukoda\",\"description\":\"Kodaniku\u00fchendus Eesti vaatenurki arvestava v\u00e4lispoliitika aruteluks\",\"publisher\":{\"@id\":\"https:\/\/evn.ee\/#organization\"},\"potentialAction\":[{\"@type\":\"SearchAction\",\"target\":{\"@type\":\"EntryPoint\",\"urlTemplate\":\"https:\/\/evn.ee\/?s={search_term_string}\"},\"query-input\":{\"@type\":\"PropertyValueSpecification\",\"valueRequired\":true,\"valueName\":\"search_term_string\"}}],\"inLanguage\":\"en-US\"},{\"@type\":\"Organization\",\"@id\":\"https:\/\/evn.ee\/#organization\",\"name\":\"Eesti V\u00e4lissuhete N\u00f5ukoda\",\"url\":\"https:\/\/evn.ee\/\",\"logo\":{\"@type\":\"ImageObject\",\"inLanguage\":\"en-US\",\"@id\":\"https:\/\/evn.ee\/#\/schema\/logo\/image\/\",\"url\":\"https:\/\/evn.ee\/wp-content\/uploads\/2024\/04\/EVN-logo-web-retina.webp\",\"contentUrl\":\"https:\/\/evn.ee\/wp-content\/uploads\/2024\/04\/EVN-logo-web-retina.webp\",\"width\":602,\"height\":120,\"caption\":\"Eesti V\u00e4lissuhete N\u00f5ukoda\"},\"image\":{\"@id\":\"https:\/\/evn.ee\/#\/schema\/logo\/image\/\"},\"sameAs\":[\"https:\/\/www.facebook.com\/profile.php?id=100064679112143\",\"https:\/\/x.com\/eestivalisnk\"]}]}<\/script>\n<!-- \/ Yoast SEO plugin. -->","yoast_head_json":{"title":"My account - Eesti V\u00e4lissuhete N\u00f5ukoda","robots":{"index":"index","follow":"follow","max-snippet":"max-snippet:-1","max-image-preview":"max-image-preview:large","max-video-preview":"max-video-preview:-1"},"canonical":"https:\/\/evn.ee\/en\/my-account\/","og_locale":"en_US","og_type":"article","og_title":"My account - Eesti V\u00e4lissuhete N\u00f5ukoda","og_description":"[vc_row css=&#8221;.vc_custom_1713721007177{margin-top: 60px !important;}&#8221;][vc_column width=&#8221;1\/6&#8243;][vc_empty_space height=&#8221;80px&#8221;][\/vc_column][vc_column width=&#8221;2\/3&#8243;][vc_column_text] [\/vc_column_text][vc_separator][\/vc_column][vc_column width=&#8221;1\/6&#8243;][\/vc_column][\/vc_row]","og_url":"https:\/\/evn.ee\/en\/my-account\/","og_site_name":"Eesti V\u00e4lissuhete N\u00f5ukoda","article_publisher":"https:\/\/www.facebook.com\/profile.php?id=100064679112143","article_modified_time":"2024-05-02T16:12:28+00:00","twitter_card":"summary_large_image","twitter_site":"@eestivalisnk","twitter_misc":{"Est. reading time":"1 minute"},"schema":{"@context":"https:\/\/schema.org","@graph":[{"@type":"WebPage","@id":"https:\/\/evn.ee\/en\/my-account\/","url":"https:\/\/evn.ee\/en\/my-account\/","name":"My account - Eesti V\u00e4lissuhete N\u00f5ukoda","isPartOf":{"@id":"https:\/\/evn.ee\/#website"},"datePublished":"2024-04-29T10:20:13+00:00","dateModified":"2024-05-02T16:12:28+00:00","breadcrumb":{"@id":"https:\/\/evn.ee\/en\/my-account\/#breadcrumb"},"inLanguage":"en-US","potentialAction":[{"@type":"ReadAction","target":["https:\/\/evn.ee\/en\/my-account\/"]}]},{"@type":"BreadcrumbList","@id":"https:\/\/evn.ee\/en\/my-account\/#breadcrumb","itemListElement":[{"@type":"ListItem","position":1,"name":"Home","item":"https:\/\/evn.ee\/en\/"},{"@type":"ListItem","position":2,"name":"My account"}]},{"@type":"WebSite","@id":"https:\/\/evn.ee\/#website","url":"https:\/\/evn.ee\/","name":"Eesti V\u00e4lissuhete N\u00f5ukoda","description":"Kodaniku\u00fchendus Eesti vaatenurki arvestava v\u00e4lispoliitika aruteluks","publisher":{"@id":"https:\/\/evn.ee\/#organization"},"potentialAction":[{"@type":"SearchAction","target":{"@type":"EntryPoint","urlTemplate":"https:\/\/evn.ee\/?s={search_term_string}"},"query-input":{"@type":"PropertyValueSpecification","valueRequired":true,"valueName":"search_term_string"}}],"inLanguage":"en-US"},{"@type":"Organization","@id":"https:\/\/evn.ee\/#organization","name":"Eesti V\u00e4lissuhete N\u00f5ukoda","url":"https:\/\/evn.ee\/","logo":{"@type":"ImageObject","inLanguage":"en-US","@id":"https:\/\/evn.ee\/#\/schema\/logo\/image\/","url":"https:\/\/evn.ee\/wp-content\/uploads\/2024\/04\/EVN-logo-web-retina.webp","contentUrl":"https:\/\/evn.ee\/wp-content\/uploads\/2024\/04\/EVN-logo-web-retina.webp","width":602,"height":120,"caption":"Eesti V\u00e4lissuhete N\u00f5ukoda"},"image":{"@id":"https:\/\/evn.ee\/#\/schema\/logo\/image\/"},"sameAs":["https:\/\/www.facebook.com\/profile.php?id=100064679112143","https:\/\/x.com\/eestivalisnk"]}]}},"_links":{"self":[{"href":"https:\/\/evn.ee\/en\/wp-json\/wp\/v2\/pages\/2716","targetHints":{"allow":["GET"]}}],"collection":[{"href":"https:\/\/evn.ee\/en\/wp-json\/wp\/v2\/pages"}],"about":[{"href":"https:\/\/evn.ee\/en\/wp-json\/wp\/v2\/types\/page"}],"author":[{"embeddable":true,"href":"https:\/\/evn.ee\/en\/wp-json\/wp\/v2\/users\/1"}],"replies":[{"embeddable":true,"href":"https:\/\/evn.ee\/en\/wp-json\/wp\/v2\/comments?post=2716"}],"version-history":[{"count":4,"href":"https:\/\/evn.ee\/en\/wp-json\/wp\/v2\/pages\/2716\/revisions"}],"predecessor-version":[{"id":2841,"href":"https:\/\/evn.ee\/en\/wp-json\/wp\/v2\/pages\/2716\/revisions\/2841"}],"wp:attachment":[{"href":"https:\/\/evn.ee\/en\/wp-json\/wp\/v2\/media?parent=2716"}],"curies":[{"name":"wp","href":"https:\/\/api.w.org\/{rel}","templated":true}]}}