{"id":3248,"date":"2023-03-12T15:08:45","date_gmt":"2023-03-12T13:08:45","guid":{"rendered":"https:\/\/evn.ee\/?page_id=3248"},"modified":"2024-06-22T11:42:17","modified_gmt":"2024-06-22T08:42:17","slug":"contact","status":"publish","type":"page","link":"https:\/\/evn.ee\/en\/contact\/","title":{"rendered":"Contact"},"content":{"rendered":"<div class=\"wpb-content-wrapper\"><p>[vc_row full_height=&#8221;33vh&#8221; bklyn_overlay=&#8221;true&#8221; background_position=&#8221;center bottom&#8221; background_attachment=&#8221;fixed&#8221; css=&#8221;.vc_custom_1713701671536{margin-top: -80px !important;background-image: url(https:\/\/evn.ee\/wp-content\/uploads\/2024\/04\/Foreign-Council-BG.webp?id=2580) !important;background-position: center !important;background-repeat: no-repeat !important;background-size: cover !important;}&#8221; bklyn_overlay_color=&#8221;rgba(0, 0, 0, 0.13)&#8221; effect=&#8221;fadeIn&#8221;][vc_column width=&#8221;1\/6&#8243;][\/vc_column][vc_column width=&#8221;2\/3&#8243;]<div class=\"wpb_content_element \"><style type=\"text\/css\">#ut_header_69dac958d1165 h1.page-title, #ut_header_69dac958d1165 h1.page-title span { color:#ffffff; }#ut_header_69dac958d1165 h1.page-title { font-size:64px !important;line-height:100% !important;letter-spacing:-0.03em; }@media (min-width: 1025px) and (max-width: 1679px) {#ut_header_69dac958d1165 h1.page-title { line-height:100% !important;letter-spacing:-0.03em; }}@media (min-width: 768px) and (max-width: 1024px) {#ut_header_69dac958d1165 h1.page-title { line-height:100% !important;letter-spacing:-0.03em; }}@media (max-width: 767px) {#ut_header_69dac958d1165 h1.page-title { line-height:100% !important;letter-spacing:-0.03em; }}#ut_header_69dac958d1165.page-title-module .lead { color:#ffffff; }#ut_header_69dac958d1165.page-title-module .lead p { color:#ffffff; }<\/style><header id=\"ut_header_69dac958d1165\" class=\"page-header page-title-module  ut-no-title-linebreak-mobile ut-no-lead-linebreak-mobile pt-style-7 header-center header-tablet-center header-mobile-center\"><h1 data-title=\"Contact\" data-effect=\"fadeIn\" data-animateonce=\"yes\" data-delay=\"0\" data-responsive-font=\"page_title\" data-responsive-font-settings=\"{&quot;base-font-size&quot;:&quot;64&quot;,&quot;font-size-unit&quot;:&quot;px&quot;,&quot;font-size&quot;:{&quot;desktop_large&quot;:&quot;64&quot;},&quot;base-line-height&quot;:&quot;100&quot;,&quot;line-height-unit&quot;:&quot;%&quot;,&quot;line-height&quot;:{&quot;desktop_large&quot;:&quot;100&quot;,&quot;desktop_small&quot;:&quot;100&quot;,&quot;tablet&quot;:&quot;100&quot;,&quot;mobile&quot;:&quot;100&quot;},&quot;base-letter-spacing&quot;:&quot;-0.03&quot;,&quot;letter-spacing&quot;:{&quot;desktop_large&quot;:&quot;-0.03&quot;}}\" class=\"page-title ut-animate-element animated ut-no-animation-tablet ut-no-animation-mobile \"><span>Contact<\/span><\/h1><\/header><\/div>[\/vc_column][vc_column width=&#8221;1\/6&#8243;][\/vc_column][\/vc_row][vc_row content_placement=&#8221;middle&#8221; effect=&#8221;fadeIn&#8221; css=&#8221;.vc_custom_1679243119340{border-bottom-width: 1px !important;border-bottom-color: #e2e2e2 !important;border-bottom-style: solid !important;}&#8221;][vc_column width=&#8221;1\/5&#8243;][vc_column_text]<\/p>\n<p style=\"text-align: center;\"><span style=\"font-size: 20px;\"><strong>Coordinator<\/strong><\/span><br \/>\nHendrik Priisaar<\/p>\n<p>[\/vc_column_text][\/vc_column][vc_column width=&#8221;1\/5&#8243;][vc_column_text]<\/p>\n<p style=\"text-align: center;\"><span style=\"font-size: 20px;\"><strong>e-mail<\/strong><\/span><br \/>\n<a href=\"mailto:info@evn.ee\">info@evn.ee<\/a><\/p>\n<p>[\/vc_column_text][\/vc_column][vc_column width=&#8221;1\/5&#8243;][vc_column_text]<\/p>\n<p style=\"text-align: center;\"><span style=\"font-size: 20px;\"><strong>Facebook<\/strong><\/span><br \/>\n<a href=\"https:\/\/www.facebook.com\/profile.php?id=100064679112143\" target=\"_blank\" rel=\"noopener\">EVN<\/a><\/p>\n<p>[\/vc_column_text][\/vc_column][vc_column width=&#8221;1\/5&#8243;][vc_column_text]<\/p>\n<p style=\"text-align: center;\"><span style=\"font-size: 20px;\"><strong>Twitter<\/strong><\/span><br \/>\n<a href=\"https:\/\/twitter.com\/eestivalisnk\">@eestivalisnk<\/a><\/p>\n<p>[\/vc_column_text][\/vc_column][vc_column width=&#8221;1\/5&#8243;][vc_column_text]<\/p>\n<p style=\"text-align: center;\"><span style=\"font-size: 20px;\"><strong>YouTube<\/strong><\/span><br \/>\n<a href=\"https:\/\/www.youtube.com\/channel\/UCw0xt_AvC_d3OSYVMWUavbQ\" target=\"_blank\" rel=\"noopener\">EVN<\/a><\/p>\n<p>[\/vc_column_text][\/vc_column][\/vc_row][vc_row effect=&#8221;fadeIn&#8221; css=&#8221;.vc_custom_1713704030439{padding-top: 60px !important;padding-bottom: 60px !important;background-color: #fafafa !important;}&#8221;][vc_column width=&#8221;1\/3&#8243;][vc_column_text]<\/p>\n<h3>Organization<\/h3>\n<p>[\/vc_column_text][vc_column_text]<\/p>\n<p>NPO Estonian Council on Foreign Relations<\/p>\n<p><strong>Reg no.<\/strong><br \/>\n80593020<\/p>\n<p><strong>Address<\/strong><br \/>\nTiiu tn 12\/2-18 Tallinn<br \/>\nHarjumaa 10135<br \/>\nEstonia<\/p>\n<p><strong>E-mail<\/strong><br \/>\n<a href=\"mailto:info@evn.ee\">info@evn.ee<\/a><\/p>\n<p>[\/vc_column_text][\/vc_column][vc_column width=&#8221;2\/3&#8243;][vc_column_text]<\/p>\n<h3>Send us a message<\/h3>\n<p>[\/vc_column_text]<style type=\"text\/css\">#ut_cf7_colors_69dac958d2d71 .wpcf7-form input[type=\"submit\"] { color:#ffffff !important; }#ut_cf7_colors_69dac958d2d71 .wpcf7-form input[type=\"submit\"]:hover { color:#ffffff !important; }#ut_cf7_colors_69dac958d2d71 .wpcf7-form input[type=\"submit\"] { background:#000000 !important; }#ut_cf7_colors_69dac958d2d71 .wpcf7-form input[type=\"submit\"]:hover { background:#1d9bf0 !important; }<\/style><div id=\"ut_cf7_colors_69dac958d2d71\" class=\"wpb_content_element ut-cf7-dark-skin \">\n<div class=\"wpcf7 no-js\" id=\"wpcf7-f3258-o1\" lang=\"en-US\" dir=\"ltr\" data-wpcf7-id=\"3258\">\n<div class=\"screen-reader-response\"><p role=\"status\" aria-live=\"polite\" aria-atomic=\"true\"><\/p> <ul><\/ul><\/div>\n<form action=\"\/en\/wp-json\/wp\/v2\/pages\/3248#wpcf7-f3258-o1\" method=\"post\" class=\"wpcf7-form init\" aria-label=\"Contact form\" novalidate=\"novalidate\" data-status=\"init\">\n<fieldset class=\"hidden-fields-container\"><input type=\"hidden\" name=\"_wpcf7\" value=\"3258\" \/><input type=\"hidden\" name=\"_wpcf7_version\" value=\"6.1.4\" \/><input type=\"hidden\" name=\"_wpcf7_locale\" value=\"en_US\" \/><input type=\"hidden\" name=\"_wpcf7_unit_tag\" value=\"wpcf7-f3258-o1\" \/><input type=\"hidden\" name=\"_wpcf7_container_post\" value=\"0\" \/><input type=\"hidden\" name=\"_wpcf7_posted_data_hash\" value=\"\" \/><input type=\"hidden\" name=\"_wpcf7_recaptcha_response\" value=\"\" \/>\n<\/fieldset>\n<label> Name and Surname\n    <span class=\"wpcf7-form-control-wrap\" data-name=\"sender-name\"><input size=\"40\" maxlength=\"400\" class=\"wpcf7-form-control wpcf7-text wpcf7-validates-as-required\" autocomplete=\"name\" aria-required=\"true\" aria-invalid=\"false\" value=\"\" type=\"text\" name=\"sender-name\" \/><\/span> <\/label>\n\n<label> Your email\n    <span class=\"wpcf7-form-control-wrap\" data-name=\"sender-email\"><input size=\"40\" maxlength=\"400\" class=\"wpcf7-form-control wpcf7-email wpcf7-validates-as-required wpcf7-text wpcf7-validates-as-email\" autocomplete=\"email\" aria-required=\"true\" aria-invalid=\"false\" value=\"\" type=\"email\" name=\"sender-email\" \/><\/span> <\/label>\n\n<label> Subject\n    <span class=\"wpcf7-form-control-wrap\" data-name=\"sender-subject\"><input size=\"40\" maxlength=\"400\" class=\"wpcf7-form-control wpcf7-text wpcf7-validates-as-required\" aria-required=\"true\" aria-invalid=\"false\" value=\"\" type=\"text\" name=\"sender-subject\" \/><\/span> <\/label>\n\n<label> Your message (optional)\n    <span class=\"wpcf7-form-control-wrap\" data-name=\"sender-message\"><textarea cols=\"40\" rows=\"10\" maxlength=\"2000\" class=\"wpcf7-form-control wpcf7-textarea\" aria-invalid=\"false\" name=\"sender-message\"><\/textarea><\/span> <\/label>\n\n<input class=\"wpcf7-form-control wpcf7-submit has-spinner\" type=\"submit\" value=\"SEND\" \/><p style=\"display: none !important;\" class=\"akismet-fields-container\" data-prefix=\"_wpcf7_ak_\"><label>&#916;<textarea name=\"_wpcf7_ak_hp_textarea\" cols=\"45\" rows=\"8\" maxlength=\"100\"><\/textarea><\/label><input type=\"hidden\" id=\"ak_js_1\" name=\"_wpcf7_ak_js\" value=\"64\"\/><script>document.getElementById( \"ak_js_1\" ).setAttribute( \"value\", ( new Date() ).getTime() );<\/script><\/p><div class=\"wpcf7-response-output\" aria-hidden=\"true\"><\/div>\n<\/form>\n<\/div>\n<\/div>[\/vc_column][\/vc_row]<\/p>\n<\/div>","protected":false},"excerpt":{"rendered":"<p>[vc_row full_height=&#8221;33vh&#8221; bklyn_overlay=&#8221;true&#8221; background_position=&#8221;center bottom&#8221; background_attachment=&#8221;fixed&#8221; css=&#8221;.vc_custom_1713701671536{margin-top: -80px !important;background-image: url(https:\/\/evn.ee\/wp-content\/uploads\/2024\/04\/Foreign-Council-BG.webp?id=2580) !important;background-position: center !important;background-repeat: no-repeat !important;background-size: cover !important;}&#8221; bklyn_overlay_color=&#8221;rgba(0, 0, 0, 0.13)&#8221; effect=&#8221;fadeIn&#8221;][vc_column width=&#8221;1\/6&#8243;][\/vc_column][vc_column width=&#8221;2\/3&#8243;][\/vc_column][vc_column width=&#8221;1\/6&#8243;][\/vc_column][\/vc_row][vc_row content_placement=&#8221;middle&#8221; effect=&#8221;fadeIn&#8221; css=&#8221;.vc_custom_1679243119340{border-bottom-width: 1px !important;border-bottom-color: #e2e2e2 !important;border-bottom-style: solid !important;}&#8221;][vc_column width=&#8221;1\/5&#8243;][vc_column_text] Coordinator Hendrik Priisaar [\/vc_column_text][\/vc_column][vc_column width=&#8221;1\/5&#8243;][vc_column_text] e-mail info@evn.ee [\/vc_column_text][\/vc_column][vc_column width=&#8221;1\/5&#8243;][vc_column_text] Facebook EVN [\/vc_column_text][\/vc_column][vc_column width=&#8221;1\/5&#8243;][vc_column_text] Twitter @eestivalisnk [\/vc_column_text][\/vc_column][vc_column width=&#8221;1\/5&#8243;][vc_column_text] YouTube EVN [\/vc_column_text][\/vc_column][\/vc_row][vc_row [&hellip;]<\/p>\n","protected":false},"author":1,"featured_media":0,"parent":0,"menu_order":0,"comment_status":"closed","ping_status":"closed","template":"","meta":{"footnotes":"","_links_to":"","_links_to_target":""},"class_list":["post-3248","page","type-page","status-publish","hentry"],"yoast_head":"<!-- This site is optimized with the Yoast SEO plugin v26.8 - https:\/\/yoast.com\/product\/yoast-seo-wordpress\/ -->\n<title>Contact - Eesti V\u00e4lissuhete N\u00f5ukoda<\/title>\n<meta name=\"robots\" content=\"index, follow, max-snippet:-1, max-image-preview:large, max-video-preview:-1\" \/>\n<link rel=\"canonical\" href=\"https:\/\/evn.ee\/en\/contact\/\" \/>\n<meta property=\"og:locale\" content=\"en_US\" \/>\n<meta property=\"og:type\" content=\"article\" \/>\n<meta property=\"og:title\" content=\"Contact - Eesti V\u00e4lissuhete N\u00f5ukoda\" \/>\n<meta property=\"og:description\" content=\"[vc_row full_height=&#8221;33vh&#8221; bklyn_overlay=&#8221;true&#8221; background_position=&#8221;center bottom&#8221; background_attachment=&#8221;fixed&#8221; css=&#8221;.vc_custom_1713701671536{margin-top: -80px !important;background-image: url(https:\/\/evn.ee\/wp-content\/uploads\/2024\/04\/Foreign-Council-BG.webp?id=2580) !important;background-position: center !important;background-repeat: no-repeat !important;background-size: cover !important;}&#8221; bklyn_overlay_color=&#8221;rgba(0, 0, 0, 0.13)&#8221; effect=&#8221;fadeIn&#8221;][vc_column width=&#8221;1\/6&#8243;][\/vc_column][vc_column width=&#8221;2\/3&#8243;][\/vc_column][vc_column width=&#8221;1\/6&#8243;][\/vc_column][\/vc_row][vc_row content_placement=&#8221;middle&#8221; effect=&#8221;fadeIn&#8221; css=&#8221;.vc_custom_1679243119340{border-bottom-width: 1px !important;border-bottom-color: #e2e2e2 !important;border-bottom-style: solid !important;}&#8221;][vc_column width=&#8221;1\/5&#8243;][vc_column_text] Coordinator Hendrik Priisaar [\/vc_column_text][\/vc_column][vc_column width=&#8221;1\/5&#8243;][vc_column_text] e-mail info@evn.ee [\/vc_column_text][\/vc_column][vc_column width=&#8221;1\/5&#8243;][vc_column_text] Facebook EVN [\/vc_column_text][\/vc_column][vc_column width=&#8221;1\/5&#8243;][vc_column_text] Twitter @eestivalisnk [\/vc_column_text][\/vc_column][vc_column width=&#8221;1\/5&#8243;][vc_column_text] YouTube EVN [\/vc_column_text][\/vc_column][\/vc_row][vc_row [&hellip;]\" \/>\n<meta property=\"og:url\" content=\"https:\/\/evn.ee\/en\/contact\/\" \/>\n<meta property=\"og:site_name\" content=\"Eesti V\u00e4lissuhete N\u00f5ukoda\" \/>\n<meta property=\"article:publisher\" content=\"https:\/\/www.facebook.com\/profile.php?id=100064679112143\" \/>\n<meta property=\"article:modified_time\" content=\"2024-06-22T08:42:17+00:00\" \/>\n<meta name=\"twitter:card\" content=\"summary_large_image\" \/>\n<meta name=\"twitter:site\" content=\"@eestivalisnk\" \/>\n<meta name=\"twitter:label1\" content=\"Est. reading time\" \/>\n\t<meta name=\"twitter:data1\" content=\"1 minute\" \/>\n<script type=\"application\/ld+json\" class=\"yoast-schema-graph\">{\"@context\":\"https:\/\/schema.org\",\"@graph\":[{\"@type\":\"WebPage\",\"@id\":\"https:\/\/evn.ee\/en\/contact\/\",\"url\":\"https:\/\/evn.ee\/en\/contact\/\",\"name\":\"Contact - Eesti V\u00e4lissuhete N\u00f5ukoda\",\"isPartOf\":{\"@id\":\"https:\/\/evn.ee\/#website\"},\"datePublished\":\"2023-03-12T13:08:45+00:00\",\"dateModified\":\"2024-06-22T08:42:17+00:00\",\"breadcrumb\":{\"@id\":\"https:\/\/evn.ee\/en\/contact\/#breadcrumb\"},\"inLanguage\":\"en-US\",\"potentialAction\":[{\"@type\":\"ReadAction\",\"target\":[\"https:\/\/evn.ee\/en\/contact\/\"]}]},{\"@type\":\"BreadcrumbList\",\"@id\":\"https:\/\/evn.ee\/en\/contact\/#breadcrumb\",\"itemListElement\":[{\"@type\":\"ListItem\",\"position\":1,\"name\":\"Home\",\"item\":\"https:\/\/evn.ee\/en\/\"},{\"@type\":\"ListItem\",\"position\":2,\"name\":\"Contact\"}]},{\"@type\":\"WebSite\",\"@id\":\"https:\/\/evn.ee\/#website\",\"url\":\"https:\/\/evn.ee\/\",\"name\":\"Eesti V\u00e4lissuhete N\u00f5ukoda\",\"description\":\"Kodaniku\u00fchendus Eesti vaatenurki arvestava v\u00e4lispoliitika aruteluks\",\"publisher\":{\"@id\":\"https:\/\/evn.ee\/#organization\"},\"potentialAction\":[{\"@type\":\"SearchAction\",\"target\":{\"@type\":\"EntryPoint\",\"urlTemplate\":\"https:\/\/evn.ee\/?s={search_term_string}\"},\"query-input\":{\"@type\":\"PropertyValueSpecification\",\"valueRequired\":true,\"valueName\":\"search_term_string\"}}],\"inLanguage\":\"en-US\"},{\"@type\":\"Organization\",\"@id\":\"https:\/\/evn.ee\/#organization\",\"name\":\"Eesti V\u00e4lissuhete N\u00f5ukoda\",\"url\":\"https:\/\/evn.ee\/\",\"logo\":{\"@type\":\"ImageObject\",\"inLanguage\":\"en-US\",\"@id\":\"https:\/\/evn.ee\/#\/schema\/logo\/image\/\",\"url\":\"https:\/\/evn.ee\/wp-content\/uploads\/2024\/04\/EVN-logo-web-retina.webp\",\"contentUrl\":\"https:\/\/evn.ee\/wp-content\/uploads\/2024\/04\/EVN-logo-web-retina.webp\",\"width\":602,\"height\":120,\"caption\":\"Eesti V\u00e4lissuhete N\u00f5ukoda\"},\"image\":{\"@id\":\"https:\/\/evn.ee\/#\/schema\/logo\/image\/\"},\"sameAs\":[\"https:\/\/www.facebook.com\/profile.php?id=100064679112143\",\"https:\/\/x.com\/eestivalisnk\"]}]}<\/script>\n<!-- \/ Yoast SEO plugin. -->","yoast_head_json":{"title":"Contact - Eesti V\u00e4lissuhete N\u00f5ukoda","robots":{"index":"index","follow":"follow","max-snippet":"max-snippet:-1","max-image-preview":"max-image-preview:large","max-video-preview":"max-video-preview:-1"},"canonical":"https:\/\/evn.ee\/en\/contact\/","og_locale":"en_US","og_type":"article","og_title":"Contact - Eesti V\u00e4lissuhete N\u00f5ukoda","og_description":"[vc_row full_height=&#8221;33vh&#8221; bklyn_overlay=&#8221;true&#8221; background_position=&#8221;center bottom&#8221; background_attachment=&#8221;fixed&#8221; css=&#8221;.vc_custom_1713701671536{margin-top: -80px !important;background-image: url(https:\/\/evn.ee\/wp-content\/uploads\/2024\/04\/Foreign-Council-BG.webp?id=2580) !important;background-position: center !important;background-repeat: no-repeat !important;background-size: cover !important;}&#8221; bklyn_overlay_color=&#8221;rgba(0, 0, 0, 0.13)&#8221; effect=&#8221;fadeIn&#8221;][vc_column width=&#8221;1\/6&#8243;][\/vc_column][vc_column width=&#8221;2\/3&#8243;][\/vc_column][vc_column width=&#8221;1\/6&#8243;][\/vc_column][\/vc_row][vc_row content_placement=&#8221;middle&#8221; effect=&#8221;fadeIn&#8221; css=&#8221;.vc_custom_1679243119340{border-bottom-width: 1px !important;border-bottom-color: #e2e2e2 !important;border-bottom-style: solid !important;}&#8221;][vc_column width=&#8221;1\/5&#8243;][vc_column_text] Coordinator Hendrik Priisaar [\/vc_column_text][\/vc_column][vc_column width=&#8221;1\/5&#8243;][vc_column_text] e-mail info@evn.ee [\/vc_column_text][\/vc_column][vc_column width=&#8221;1\/5&#8243;][vc_column_text] Facebook EVN [\/vc_column_text][\/vc_column][vc_column width=&#8221;1\/5&#8243;][vc_column_text] Twitter @eestivalisnk [\/vc_column_text][\/vc_column][vc_column width=&#8221;1\/5&#8243;][vc_column_text] YouTube EVN [\/vc_column_text][\/vc_column][\/vc_row][vc_row [&hellip;]","og_url":"https:\/\/evn.ee\/en\/contact\/","og_site_name":"Eesti V\u00e4lissuhete N\u00f5ukoda","article_publisher":"https:\/\/www.facebook.com\/profile.php?id=100064679112143","article_modified_time":"2024-06-22T08:42:17+00:00","twitter_card":"summary_large_image","twitter_site":"@eestivalisnk","twitter_misc":{"Est. reading time":"1 minute"},"schema":{"@context":"https:\/\/schema.org","@graph":[{"@type":"WebPage","@id":"https:\/\/evn.ee\/en\/contact\/","url":"https:\/\/evn.ee\/en\/contact\/","name":"Contact - Eesti V\u00e4lissuhete N\u00f5ukoda","isPartOf":{"@id":"https:\/\/evn.ee\/#website"},"datePublished":"2023-03-12T13:08:45+00:00","dateModified":"2024-06-22T08:42:17+00:00","breadcrumb":{"@id":"https:\/\/evn.ee\/en\/contact\/#breadcrumb"},"inLanguage":"en-US","potentialAction":[{"@type":"ReadAction","target":["https:\/\/evn.ee\/en\/contact\/"]}]},{"@type":"BreadcrumbList","@id":"https:\/\/evn.ee\/en\/contact\/#breadcrumb","itemListElement":[{"@type":"ListItem","position":1,"name":"Home","item":"https:\/\/evn.ee\/en\/"},{"@type":"ListItem","position":2,"name":"Contact"}]},{"@type":"WebSite","@id":"https:\/\/evn.ee\/#website","url":"https:\/\/evn.ee\/","name":"Eesti V\u00e4lissuhete N\u00f5ukoda","description":"Kodaniku\u00fchendus Eesti vaatenurki arvestava v\u00e4lispoliitika aruteluks","publisher":{"@id":"https:\/\/evn.ee\/#organization"},"potentialAction":[{"@type":"SearchAction","target":{"@type":"EntryPoint","urlTemplate":"https:\/\/evn.ee\/?s={search_term_string}"},"query-input":{"@type":"PropertyValueSpecification","valueRequired":true,"valueName":"search_term_string"}}],"inLanguage":"en-US"},{"@type":"Organization","@id":"https:\/\/evn.ee\/#organization","name":"Eesti V\u00e4lissuhete N\u00f5ukoda","url":"https:\/\/evn.ee\/","logo":{"@type":"ImageObject","inLanguage":"en-US","@id":"https:\/\/evn.ee\/#\/schema\/logo\/image\/","url":"https:\/\/evn.ee\/wp-content\/uploads\/2024\/04\/EVN-logo-web-retina.webp","contentUrl":"https:\/\/evn.ee\/wp-content\/uploads\/2024\/04\/EVN-logo-web-retina.webp","width":602,"height":120,"caption":"Eesti V\u00e4lissuhete N\u00f5ukoda"},"image":{"@id":"https:\/\/evn.ee\/#\/schema\/logo\/image\/"},"sameAs":["https:\/\/www.facebook.com\/profile.php?id=100064679112143","https:\/\/x.com\/eestivalisnk"]}]}},"_links":{"self":[{"href":"https:\/\/evn.ee\/en\/wp-json\/wp\/v2\/pages\/3248","targetHints":{"allow":["GET"]}}],"collection":[{"href":"https:\/\/evn.ee\/en\/wp-json\/wp\/v2\/pages"}],"about":[{"href":"https:\/\/evn.ee\/en\/wp-json\/wp\/v2\/types\/page"}],"author":[{"embeddable":true,"href":"https:\/\/evn.ee\/en\/wp-json\/wp\/v2\/users\/1"}],"replies":[{"embeddable":true,"href":"https:\/\/evn.ee\/en\/wp-json\/wp\/v2\/comments?post=3248"}],"version-history":[{"count":8,"href":"https:\/\/evn.ee\/en\/wp-json\/wp\/v2\/pages\/3248\/revisions"}],"predecessor-version":[{"id":3475,"href":"https:\/\/evn.ee\/en\/wp-json\/wp\/v2\/pages\/3248\/revisions\/3475"}],"wp:attachment":[{"href":"https:\/\/evn.ee\/en\/wp-json\/wp\/v2\/media?parent=3248"}],"curies":[{"name":"wp","href":"https:\/\/api.w.org\/{rel}","templated":true}]}}